{"id":57,"date":"2011-06-27T10:48:48","date_gmt":"2011-06-27T08:48:48","guid":{"rendered":"http:\/\/www.freizeittourer.de\/?page_id=57"},"modified":"2026-01-16T11:31:02","modified_gmt":"2026-01-16T09:31:02","slug":"wir-uber-uns","status":"publish","type":"page","link":"https:\/\/www.freizeittourer.de\/?page_id=57","title":{"rendered":"Wir \u00fcber uns"},"content":{"rendered":"<p style=\"text-align: left;\"><strong><a href=\"https:\/\/www.freizeittourer.de\/wp-content\/uploads\/2011\/06\/IMG_01691-300x225.jpg\"><img loading=\"lazy\" decoding=\"async\" class=\"alignleft size-medium wp-image-93\" style=\"margin: 0px 10px 0px 0px;\" title=\"\u00dcber Uns\" src=\"https:\/\/www.freizeittourer.de\/wp-content\/uploads\/2011\/06\/IMG_01691-300x225.jpg\" alt=\"\" width=\"300\" height=\"225\" srcset=\"https:\/\/www.freizeittourer.de\/wp-content\/uploads\/2011\/06\/IMG_01691-300x225.jpg 300w, https:\/\/www.freizeittourer.de\/wp-content\/uploads\/2011\/06\/IMG_01691.jpg 2048w\" sizes=\"auto, (max-width: 300px) 100vw, 300px\" \/><\/a><span style=\"font-family: arial,helvetica,sans-serif;\">Wir sind<\/span><\/strong><span style=\"font-family: arial,helvetica,sans-serif;\">, wenn man Jopi Heesters als Ma\u00dfstab nimmt, <strong>im mittleren Alter <\/strong>und haben vor ungef\u00e4hr acht Jahren das Fahrradfahren f\u00fcr uns entdeckt. Wir sind inzwischen schon fast 50.000 km gefahren und freuen uns auf die vielen Touren, die noch vor uns liegen und erobert werden wollen.<\/span><\/p>\n<p><span style=\"font-family: arial,helvetica,sans-serif;\">Bei uns steht nicht der sportliche Aspekt im Vordergrund, sondern der Spa\u00df. Wir lieben die aufrechte Sitzposition und ein frisch gezapftes Pils,\u00a0hassen aber Gegenwind, Schotterwege und Anstiege jeglicher Art.<\/span><\/p>\n<p><span style=\"font-family: arial,helvetica,sans-serif;\">Wir wohnen seit 30 Jahren im s\u00fcdlichen Hessen und haben unsere Umgebung erst jetzt richtig kennen gelernt. Wir haben so sch\u00f6ne Ecken, Bierg\u00e4rten und gem\u00fctliche Restaurants entdeckt, dass wir gar keine Zeit haben, alle regelm\u00e4\u00dfig zu besuchen.<\/span><\/p>\n<p><span style=\"font-family: arial,helvetica,sans-serif;\">Wir haben uns f\u00fcr den <em><strong>City Cruiser <\/strong><\/em>von Kettler entscheiden. Die R\u00e4der sind zwar etwas schwerer als Trekking-R\u00e4der, aber man sitzt sch\u00f6n bequem und der Gep\u00e4cktr\u00e4ger ist sehr stabil und f\u00fcr unsere Ortlieb-Taschen bestens geeignet.<\/span><\/p>\n<p><span style=\"font-family: arial,helvetica,sans-serif;\">Neulich habe ich im Radio\u00a0einen Beitrag\u00a0aus der Serie &#8211; H\u00f6r mal wer da piept &#8211; geh\u00f6rt, in dem von seltsamen Wesen berichtet wird &#8211; <strong>die <a title=\"Die Sattelquatsche\" href=\"http:\/\/www.youtube.com\/watch?v=P-udFICYyYY\" target=\"_blank\" rel=\"noopener noreferrer\">Sattelquatschen<\/a><\/strong>.\u00a0Offensichtlich geh\u00f6ren auch wir zu dieser\u00a0Gattung, denn gewisse Eigenarten glaube ich auch bei uns schon entdeckt zu haben. Zum Gl\u00fcck handelt es sich hierbei nicht um eine gef\u00e4hrdete Art. Ganz im Gegenteil, wir werden immer mehr.<\/span><\/p>\n","protected":false},"excerpt":{"rendered":"<p>Wir sind, wenn man Jopi Heesters als Ma\u00dfstab nimmt, im mittleren Alter und haben vor ungef\u00e4hr acht Jahren das Fahrradfahren f\u00fcr uns entdeckt. Wir sind inzwischen schon fast 50.000 km gefahren und freuen uns auf die vielen Touren, die noch &hellip; <a href=\"https:\/\/www.freizeittourer.de\/?page_id=57\">Weiterlesen <span class=\"meta-nav\">&rarr;<\/span><\/a><\/p>\n","protected":false},"author":2,"featured_media":0,"parent":0,"menu_order":1,"comment_status":"open","ping_status":"closed","template":"","meta":{"footnotes":""},"class_list":["post-57","page","type-page","status-publish","hentry"],"_links":{"self":[{"href":"https:\/\/www.freizeittourer.de\/index.php?rest_route=\/wp\/v2\/pages\/57","targetHints":{"allow":["GET"]}}],"collection":[{"href":"https:\/\/www.freizeittourer.de\/index.php?rest_route=\/wp\/v2\/pages"}],"about":[{"href":"https:\/\/www.freizeittourer.de\/index.php?rest_route=\/wp\/v2\/types\/page"}],"author":[{"embeddable":true,"href":"https:\/\/www.freizeittourer.de\/index.php?rest_route=\/wp\/v2\/users\/2"}],"replies":[{"embeddable":true,"href":"https:\/\/www.freizeittourer.de\/index.php?rest_route=%2Fwp%2Fv2%2Fcomments&post=57"}],"version-history":[{"count":54,"href":"https:\/\/www.freizeittourer.de\/index.php?rest_route=\/wp\/v2\/pages\/57\/revisions"}],"predecessor-version":[{"id":3944,"href":"https:\/\/www.freizeittourer.de\/index.php?rest_route=\/wp\/v2\/pages\/57\/revisions\/3944"}],"wp:attachment":[{"href":"https:\/\/www.freizeittourer.de\/index.php?rest_route=%2Fwp%2Fv2%2Fmedia&parent=57"}],"curies":[{"name":"wp","href":"https:\/\/api.w.org\/{rel}","templated":true}]}}