{"id":24,"date":"2011-06-22T09:35:14","date_gmt":"2011-06-22T07:35:14","guid":{"rendered":"http:\/\/www.freizeittourer.de\/?page_id=24"},"modified":"2021-12-03T10:51:21","modified_gmt":"2021-12-03T08:51:21","slug":"touren","status":"publish","type":"page","link":"https:\/\/www.freizeittourer.de\/?page_id=24","title":{"rendered":"Bisherige Touren"},"content":{"rendered":"<div><img loading=\"lazy\" decoding=\"async\" class=\"alignleft wp-image-758\" style=\"margin: 2px 10px;\" title=\"Elberadweg\" src=\"https:\/\/www.freizeittourer.de\/wp-content\/uploads\/2011\/06\/Elberadweg_Logo1.jpg\" alt=\"\" width=\"146\" height=\"92\"><\/div>\n<p><img loading=\"lazy\" decoding=\"async\" class=\"alignnone wp-image-759\" style=\"margin: 2px 10px; border: 0px currentColor;\" title=\"Deutsche Fehnroute\" src=\"https:\/\/www.freizeittourer.de\/wp-content\/uploads\/2011\/06\/Deutsche_Fehnroute.jpg\" alt=\"\" width=\"96\" height=\"101\">&nbsp;&nbsp; <img loading=\"lazy\" decoding=\"async\" class=\"alignnone wp-image-763\" style=\"margin: 2px 5px;\" title=\"Liebliches Taubertal\" src=\"https:\/\/www.freizeittourer.de\/wp-content\/uploads\/2011\/06\/Liebliches_Taubertal_Logo.jpg\" alt=\"\" width=\"175\" height=\"89\">&nbsp;&nbsp;<img loading=\"lazy\" decoding=\"async\" src=\"https:\/\/www.freizeittourer.de\/wp-content\/uploads\/2012\/02\/Edersee-Radweg_Logo.gif\" alt=\"Edersee-Radweg\" width=\"129\" height=\"96\">&nbsp;&nbsp;&nbsp;<img loading=\"lazy\" decoding=\"async\" class=\"alignnone size-full wp-image-1743\" title=\"Deutsche-F\u00e4hrstra\u00dfe\" src=\"https:\/\/www.freizeittourer.de\/wp-content\/uploads\/2011\/06\/Deutsche-Faehrstrasse_Logo1.jpg\" alt=\"\" width=\"138\" height=\"98\">&nbsp;&nbsp;&nbsp;<img loading=\"lazy\" decoding=\"async\" class=\"alignnone size-full wp-image-1740\" title=\"Nord-Ostsee-Kanal Radweg\" src=\"https:\/\/www.freizeittourer.de\/wp-content\/uploads\/2011\/06\/Nord-Ostsee-Kanal-Radweg_Logo.gif\" alt=\"\" width=\"169\" height=\"48\">&nbsp;&nbsp;&nbsp;&nbsp;<img loading=\"lazy\" decoding=\"async\" style=\"margin-right: 2px; margin-left: 2px;\" title=\"Familien Radroute\" src=\"https:\/\/www.freizeittourer.de\/wp-content\/uploads\/2011\/06\/Ladadi_Familien_Radroute_Logo.jpg\" alt=\"\" width=\"84\" height=\"84\">&nbsp;&nbsp; &nbsp;&nbsp;<a href=\"http:\/\/www.rmv.de\/de\/Freizeit\/RMV-Angebote\/Rhein-Main-Vergnuegen\/\" target=\"_blank\" rel=\"noopener noreferrer\"><img loading=\"lazy\" decoding=\"async\" class=\"alignnone wp-image-771\" title=\"Rhein-Main Vergn\u00fcgen\" src=\"https:\/\/www.freizeittourer.de\/wp-content\/uploads\/2011\/06\/Rhein-Main_Vergnuegen_Logo.jpg\" alt=\"\" width=\"90\" height=\"87\"><\/a>&nbsp; <img loading=\"lazy\" decoding=\"async\" src=\"https:\/\/www.freizeittourer.de\/wp-content\/uploads\/2011\/06\/Rheinradweg_logo-300x300.jpg\" alt=\"Rheinradweg\" width=\"85\" height=\"82\"><a href=\"http:\/\/www.mainradweg.com\/\" target=\"_blank\" rel=\"noopener noreferrer\"><img loading=\"lazy\" decoding=\"async\" class=\"alignnone wp-image-767\" title=\"Mainradweg\" src=\"https:\/\/www.freizeittourer.de\/wp-content\/uploads\/2011\/06\/Mainradweg_Logo.jpg.jpg\" alt=\"\" width=\"173\" height=\"82\"><\/a>&nbsp; <a href=\"http:\/\/www.diebergstrasse.de\/index.php?id=316\" target=\"_blank\" rel=\"noopener noreferrer\"><img loading=\"lazy\" decoding=\"async\" class=\"alignnone wp-image-774\" title=\"Bergstrasse Radweg\" src=\"https:\/\/www.freizeittourer.de\/wp-content\/uploads\/2011\/06\/Bergstrasse_Radweg_Logo.jpg\" alt=\"\" width=\"84\" height=\"83\"><\/a>&nbsp; <a href=\"http:\/\/www.kraut-und-rueben-radweg.de\/\" target=\"_blank\" rel=\"noopener noreferrer\"><img loading=\"lazy\" decoding=\"async\" class=\"alignnone wp-image-818\" style=\"margin-right: 2px; margin-left: 2px;\" title=\"Kraut- und_R\u00fcben_Radweg\" src=\"https:\/\/www.freizeittourer.de\/wp-content\/uploads\/2011\/06\/Kraut_und_Rueben_Radweg_Logo.jpg.jpg\" alt=\"\" width=\"164\" height=\"88\"><\/a>&nbsp;&nbsp;&nbsp;&nbsp;<span style=\"font-family: arial,helvetica,sans-serif;\"><a href=\"https:\/\/de.wikivoyage.org\/wiki\/Mosel-Radweg\"><img loading=\"lazy\" decoding=\"async\" class=\"alignnone wp-image-2586\" src=\"https:\/\/www.freizeittourer.de\/wp-content\/uploads\/2015\/08\/Logo_Moselradweg-300x298.png\" alt=\"Logo_Moselradweg\" width=\"90\" height=\"89\" srcset=\"https:\/\/www.freizeittourer.de\/wp-content\/uploads\/2015\/08\/Logo_Moselradweg-300x298.png 300w, https:\/\/www.freizeittourer.de\/wp-content\/uploads\/2015\/08\/Logo_Moselradweg.png 502w\" sizes=\"auto, (max-width: 90px) 100vw, 90px\" \/><\/a>&nbsp; <img loading=\"lazy\" decoding=\"async\" class=\"wp-image-1734 alignnone\" title=\"Vom Teufelsmoor zum Wattenmeer\" src=\"https:\/\/www.freizeittourer.de\/wp-content\/uploads\/2011\/06\/Vom-Teufelsmoor-zum-Wattenmeer_Logo-300x300.jpg\" alt=\"\" width=\"92\" height=\"88\"><\/span><\/p>\n<p><img loading=\"lazy\" decoding=\"async\" class=\"wp-image-3392 alignleft\" style=\"margin-right: 2px; margin-left: 2px;\" title=\"L\u00fcneburger Heide Radweg\" src=\"https:\/\/www.freizeittourer.de\/wp-content\/uploads\/2017\/02\/Lueneburger_Heide_Radweg_Logo.jpg\" alt=\"\" width=\"99\" height=\"91\"><\/p>\n<p>&nbsp; &nbsp; <a href=\"https:\/\/www.altmark-rundkurs.de\"><img loading=\"lazy\" decoding=\"async\" class=\"wp-image-3619 alignnone\" style=\"margin-right: 2px; margin-left: 2px;\" title=\"Altmarkrundkurs\" src=\"https:\/\/www.freizeittourer.de\/wp-content\/uploads\/2020\/10\/logo-altmarkrundkurs-150x150.jpg\" alt=\"\" width=\"99\" height=\"99\" srcset=\"https:\/\/www.freizeittourer.de\/wp-content\/uploads\/2020\/10\/logo-altmarkrundkurs-150x150.jpg 150w, https:\/\/www.freizeittourer.de\/wp-content\/uploads\/2020\/10\/logo-altmarkrundkurs.jpg 295w\" sizes=\"auto, (max-width: 99px) 100vw, 99px\" \/> &nbsp;&nbsp;&nbsp; <\/a><a href=\"https:\/\/www.altmark-rundkurs.de\"><img loading=\"lazy\" decoding=\"async\" class=\"wp-image-3774 alignnone\" src=\"https:\/\/www.freizeittourer.de\/wp-content\/uploads\/2021\/12\/Nordseekuestenradweg-logo.jpg\" alt=\"\" width=\"82\" height=\"89\"><\/a><\/p>\n<p>&nbsp;<\/p>\n<p><span style=\"font-family: arial,helvetica,sans-serif;\">Ich kann mich t\u00e4uschen, aber es scheint so zu sein, dass wir im <strong>Norden Deutschlands <\/strong>oder <strong>an Fl\u00fcssen <\/strong>die besten Bedingungen f\u00fcr unser schwei\u00dftreibendes Hobby finden. So ist es auch nicht verwunderlich, dass wir in Ostfriesland sowie entlang der Elbe und des Mains die meisten Kilometer zur\u00fcckgelegt haben. Nat\u00fcrlich f\u00e4llt auch das liebliche Taubertal in diese Rubrik. Es ist wirklich unglaublich, wie viele Radwege es entlang von Fl\u00fcssen in Deutschland gibt. Wir wohnen im Landkreis Darmstadt-Dieburg im S\u00fcden Hessens und hier ist das Radwegenetz sehr gut ausgebaut.<\/span><\/p>\n<hr>\n<h3><span style=\"font-family: arial,helvetica,sans-serif;\">Elberadweg<\/span><\/h3>\n<p><span style=\"font-family: arial,helvetica,sans-serif;\">Der Elberadweg ist wahrscheinlich einer der sch\u00f6nsten und abwechslungsreichsten Radwege&nbsp;in Europa. Von der Nordsee bis zum Elbsandsteingebirge, dazwischen weite Elbauen, das Alte Land und die St\u00e4dte Hamburg und Dresden. Und das sind nur einige der H\u00f6hepunkte. Wir haben bisher nur das Teilst\u00fcck von Dessau bis Bad Schandau erobert und waren sehr begeistert. Siehe Bericht <a title=\"Der Elberadweg - Von Dessau nach Bad Schandau\" href=\"https:\/\/www.freizeittourer.de\/?page_id=42\" target=\"_blank\" rel=\"noopener noreferrer\">mehr&#8230;<\/a><\/span><\/p>\n<hr>\n<h3><span style=\"font-family: arial,helvetica,sans-serif;\">Deutsche Fehnroute<\/span><\/h3>\n<p><span style=\"font-family: arial,helvetica,sans-serif;\">Die Deutsche Fehnroute in Ostfriesland ist ein stressfreier Radweg durch eine wundersch\u00f6ne Landschaft. Es gibt sehr viel Gegend, aber nur selten Einkehrm\u00f6glichkeiten, au\u00dfer in den St\u00e4dten.&nbsp;Der Wind ist, wie&nbsp;am Meer \u00fcblich, immer da.&nbsp;Siehe Bericht <a title=\"Deutsche Fehroute\" href=\"https:\/\/www.freizeittourer.de\/?page_id=21\" target=\"_blank\" rel=\"noopener noreferrer\">mehr&#8230;<\/a><\/span><\/p>\n<hr>\n<h3><span style=\"font-family: arial,helvetica,sans-serif;\">Liebliches Taubertal &#8211; Der Klassiker<\/span><\/h3>\n<p><span style=\"font-family: arial,helvetica,sans-serif;\">Das liebliche Taubertal f\u00fchrte uns von Rothenburg ob der Tauber bis nach Wertheim. Der Radweg und die Ausschilderung haben &#8222;Sterne-Qualit\u00e4t&#8220; und sind sogar f\u00fcr Rennr\u00e4der geeignet.&nbsp;Lieblich ist diese Tour dennoch nicht \u00fcberall,&nbsp;es gibt einige Steigungen, die den positiven Eindruck beeintr\u00e4chtigten. Siehe Bericht <a title=\"Liebliches Taubertal - Der Klassiker\" href=\"https:\/\/www.freizeittourer.de\/?page_id=325\" target=\"_blank\" rel=\"noopener noreferrer\">mehr&#8230;<\/a><\/span><\/p>\n<hr>\n<h3><span style=\"font-family: arial,helvetica,sans-serif;\">L\u00fcneburger Heide &amp; ein kleines St\u00fcck Elberadweg<\/span><\/h3>\n<p><span style=\"font-family: arial,helvetica,sans-serif;\">Die L\u00fcneburger ist wundersch\u00f6n, aber&nbsp;die Radwege sind sehr schlecht ausgeschildert. Es&nbsp;gibt zu viele kleine Radwege, aber keine einheitliche gro\u00dfe Rundtour. Au\u00dferdem ist die Heide recht h\u00fcgelig. Wir hatten eher das &#8222;Platte Land&#8220; erwartet und mit den zahlreichen Steigungen nicht gerechnet.&nbsp;Die Einkehrm\u00f6glichkeiten zwischen den Orten sind sehr \u00fcbersichtlich.&nbsp;Die Curry-Wurst ist \u00fcberall lecker und zu empfehlen. Siehe Bericht <a title=\"Durch die L\u00fcneburger Heide\" href=\"https:\/\/www.freizeittourer.de\/?page_id=2985\" target=\"_blank\" rel=\"noopener noreferrer\">mehr&#8230;<\/a><\/span>&nbsp;<\/p>\n<hr>\n<h3><span style=\"font-family: arial,helvetica,sans-serif;\">Vom Teufelsmoor zum Wattenmeer<\/span><\/h3>\n<p><span style=\"font-family: arial,helvetica,sans-serif;\">Dieser Rundradweg f\u00fchrt \u00fcber 450 km durch das Elbe-Weser-Dreieck und an der Nordseek\u00fcste entlang. Wir sind aber nur das Teilst\u00fcck von Bremen \u00fcber Liliental nach Bremerv\u00f6rde gefahren. Es diente als Zubringer und Erg\u00e4nzung f\u00fcr die Deutsche F\u00e4hrstra\u00dfe, die in Bremerv\u00f6rde startet, an der Oste entlang&nbsp;und das durch das Kehdinger Land f\u00fchrt und&nbsp;schlie\u00dflich am Nord-Ostsee-Kanal entlang bis nach Kiel f\u00fchrt. Die Beschilderung ist nicht so toll, zumal das Logo in \u00e4hnlicher Form auch f\u00fcr andere Radwege in der Region verwendet wird. Wir haben uns mehrmals verfahren. Die Landschaft ist aber wundersch\u00f6n und fast menschenleer. Siehe ausf\u00fchrlichen Bericht unter Deutsche F\u00e4hrstra\u00dfe.<\/span><\/p>\n<hr>\n<h3><span style=\"font-family: arial,helvetica,sans-serif;\">Deutsche F\u00e4hrstra\u00dfe<\/span><\/h3>\n<p><span style=\"font-family: arial,helvetica,sans-serif;\">Die Deutsche F\u00e4hrstra\u00dfe hat ihren Namen wirklich verdient, denn wir haben wirklich alle M\u00f6glichkeiten, einen Flu\u00df zu \u00fcberqueren kennen gelernt. Es gibt auf den ca. 230 km der&nbsp;Tour rund 30 F\u00e4hren, 20 Br\u00fccken, 12 Schleusen, 3 Sperrwerke und 2 Tunnels und die meisten haben wir genutzt.&nbsp;Am Nord-Ostsee-Kanal kann man pausenlos gro\u00dfe Schiffe sehen und fotografieren. Leider ist am Kanal nicht sehr viel los. M\u00f6glichkeiten zum Einkehren sind nur selten zu finden.&nbsp;Wir waren oft stundenlang ganz allein unterwegs. Landschaftlich ist diese Gegend einzigartig, aber auf Dauer etwas langweilig. <a title=\"Deutsche F\u00e4hrstra\u00dfe\" href=\"https:\/\/www.freizeittourer.de\/?page_id=1759\" target=\"_blank\" rel=\"noopener noreferrer\">mehr&#8230;<\/a><\/span><\/p>\n<hr>\n<h3><span style=\"font-family: arial,helvetica,sans-serif;\">Familien Radroute<\/span><\/h3>\n<p><span style=\"font-family: arial,helvetica,sans-serif;\">Die Familienroute wurde vom Landkreis Darmstadt-Dieburg entwickelt und ausgeschildert. Sie f\u00fchrt durch die Orte Erzhausen, Weiterstadt, Griesheim, Pfungstadt und Seeheim-Jugenheim. Unterwegs gibt verschiedene Lokalit\u00e4ten und einiges f\u00fcr Wasser- und Tierfreunde zu sehen.<\/span><\/p>\n<hr>\n<h3><span style=\"font-family: arial,helvetica,sans-serif;\">Moselradweg<\/span><\/h3>\n<p><span style=\"font-family: arial,helvetica,sans-serif;\">Der Moselradweg verl\u00e4uft \u00fcber ca. 300 km von Metz bis Koblenz. \u00dcber Frankreich&nbsp;und Luxemburg erreicht die Mosel bei Perl Deutschen Boden. Durch zahlreiche Fl\u00fcsse, die in die Mosel m\u00fcnden w\u00e4chst der Flu\u00df stetig an. Der Radweg ist einheitlich gut ausgeschildert. Der Radweg ist gut befahrbar und die Natur ist wirklich sehenswert. Die Mosel \u00e4ndert sehr oft die Richtung und hat viele Kurven. Rechts und links sind die steilen Weinberge zusehen. Immer wieder tauchen Burgen und Schl\u00f6sser auf. Es gibt viele M\u00f6glichkeiten zum Einkehren. Auch wenn man kein Weintrinker ist, f\u00fchlt man sich hier zu Hause, denn es ist das Land des Bitburger. Siehe Bericht <a title=\"Moselradweg und den Rhein entlang\" href=\"https:\/\/www.freizeittourer.de\/?page_id=2610\" target=\"_blank\" rel=\"noopener noreferrer\">mehr&#8230;<\/a><\/span><\/p>\n<hr>\n<h3><span style=\"font-family: arial,helvetica,sans-serif;\">Rhein-Main Vergn\u00fcgen<\/span><\/h3>\n<p><span style=\"font-family: arial,helvetica,sans-serif;\">Der Rhein-Main-Verkehrsverband (RMV) hat einige Touren in Hessen zusammen gestellt und gibt kostenlos kleine Faltbl\u00e4tter mit der jeweiligen Karte heraus. Alle&nbsp;sind Tagestouren in verschiedenen L\u00e4ngen und Schwierigkeitsstufen.&nbsp;Wir haben einige ausprobiert und k\u00f6nnen sie absolut empfehlen. Die Karten gibt im Internet oder an jedem gr\u00f6\u00dferen Bahnhof bei der RMV-Info. Bisher wurden 12 Touren ver\u00f6ffentlicht, die durchnummeriert und ausgeschildert sind. Die<span style=\"color: #ff0000;\"> rot gekennzeichneten Touren<\/span> sind f\u00fcr Genussradler <span style=\"color: #ff0000;\">nicht geeignet<\/span>.<\/span><\/p>\n<p><span style=\"font-family: arial,helvetica,sans-serif;\"><strong>Tour 1<\/strong> :&nbsp; Rund um Dietzenbach&nbsp;(38 km) &#8211;&nbsp;<span style=\"color: #0000ff;\">Gegen den Uhrzeigersinn fahren<\/span><\/span><\/p>\n<p><span style=\"font-family: arial,helvetica,sans-serif;\"><strong><span style=\"color: #ff0000;\">Tour 2<\/span><\/strong> :&nbsp; Die Wetterau zwischen Friedberg und M\u00fcnzenberg (39 km) &#8211;&nbsp;<span style=\"color: #0000ff;\">Ziemlich h\u00fcgelig, nicht noch mal&nbsp;!<\/span><\/span><\/p>\n<p><span style=\"font-family: arial,helvetica,sans-serif;\"><strong>Tour 3<\/strong> :&nbsp; Unterwegs zwischen Mainspitze und M\u00f6nchbruch&nbsp;(46 km) &#8211;&nbsp;<span style=\"color: #0000ff;\">Gegen den Uhrzeigersinn fahren<\/span><\/span><\/p>\n<p><span style=\"font-family: arial,helvetica,sans-serif;\"><strong><span style=\"color: #ff0000;\">Tour 4<\/span><\/strong> :&nbsp; Durch den Taunus bei Idstein und Bad Camberg (40 km) &#8211;&nbsp;<span style=\"color: #0000ff;\">Vielleicht f\u00fcr Mountain-Biker !<\/span><\/span><\/p>\n<p><span style=\"font-family: arial,helvetica,sans-serif;\"><strong>Tour 5<\/strong> :&nbsp; Unterwegs im Dieburger Land (45 km) &#8211; <em><span style=\"color: #0000ff;\">Unsere Haus-und Hofstrecke<\/span><\/em><\/span><\/p>\n<p><span style=\"font-family: arial,helvetica,sans-serif;\"><strong><span style=\"color: #ff0000;\">Tour 6<\/span><\/strong> :&nbsp; Durch das Ronneburger H\u00fcgelland (47 km) &#8211; <span style=\"color: #0000ff;\">Zu viele Steigungen !<\/span><\/span><\/p>\n<p><span style=\"font-family: arial,helvetica,sans-serif;\"><strong><span style=\"color: #ff0000;\">Tour 7<\/span><\/strong> :&nbsp; Unterwegs im n\u00f6rdlichen Odenwald (33 km) &#8211; <span style=\"color: #0000ff;\">F\u00fcr Bergziegen !<\/span><\/span><\/p>\n<p><span style=\"font-family: arial,helvetica,sans-serif;\"><strong><span style=\"color: #ff0000;\">Tour 8<\/span><\/strong> :&nbsp; Unterwegs zwischen Herborn und Aartalsee (38 km) &#8211; <span style=\"color: #0000ff;\">Nicht mit uns !<\/span><\/span><\/p>\n<p><span style=\"font-family: arial,helvetica,sans-serif;\"><strong>Tour 9<\/strong> :&nbsp; Unterwegs im unteren Maintal bei Seligenstadt (59 km) <span style=\"color: #0000ff;\">Top Teil !<\/span><\/span><\/p>\n<p><span style=\"font-family: arial,helvetica,sans-serif;\"><strong>Tour 10<\/strong>: Durch Hessische Ried zwischen Gro\u00df-Gerau und K\u00fchkopf (48 km) &#8211;&nbsp;<span style=\"color: #0000ff;\"><em>Der Klassiker !<\/em>&nbsp; Nicht am WE<\/span><span style=\"color: #0000ff;\"> !<\/span><\/span><\/p>\n<p><span style=\"font-family: arial,helvetica,sans-serif;\"><strong>Tour 11<\/strong>: Im Marburger Land zwischen Ohm und Herrenwald (46 km) &#8211; <span style=\"color: #0000ff;\">M\u00fcssen wir noch testen !<\/span><\/span><\/p>\n<p><span style=\"font-family: arial,helvetica,sans-serif;\"><strong>Tour 12:<\/strong> Unterwegs zwischen Hoher Stra\u00dfe und Kinzig (52 km) &#8211; <span style=\"color: #0000ff;\">Eine Steigung von 1,8 km !! Aber sonst ??<\/span><\/span><\/p>\n<hr>\n<h3><span style=\"font-family: arial,helvetica,sans-serif;\">Rhein-Radweg<\/span><\/h3>\n<p><span style=\"font-family: arial,helvetica,sans-serif;\">Der Rhein ist einer der gr\u00f6\u00dften Fl\u00fcsse Europas und der Radweg ist insgesamt 1230 km lang.&nbsp;Wir haben bisher nur sehr kurzer Teile bezwungen, aber was noch nicht ist, kann ja noch werden. Der Radweg beginnt in der Schweiz, geht durch verschiedene Bundesl\u00e4nder in Deutschland und f\u00fchrt schlie\u00dflich durch die Niederlande bis in die Nordsee. Unsere Erfahrungen beschr\u00e4nken sich auf den Bereich zwischen Oppenheim und K\u00f6ln.&nbsp;&nbsp;<\/span><\/p>\n<hr>\n<h3><span style=\"font-family: arial,helvetica,sans-serif;\">Mainradweg<\/span><\/h3>\n<p><span style=\"font-family: arial,helvetica,sans-serif;\">Der Mainradweg liegt fast vor unserer Haust\u00fcr und z\u00e4hlt zu unseren Lieblings-Radwegen. Wir kennen den Radweg vom Main-Spitz-Dreieck bis nach Wertheim. Von den 500 km haben wir erst die H\u00e4lfte erobert.<\/span><\/p>\n<hr>\n<h3><span style=\"font-family: arial,helvetica,sans-serif;\">Die Bergstrasse<\/span><\/h3>\n<p><span style=\"font-family: arial,helvetica,sans-serif;\">Der Radweg von Darmstadt nach Heidelberg ist auch f\u00fcr Genussradler geeignet. Es gibt zwar zwei Steigungen, aber die Fahrt durch die Weinberge und am Neckar entlang entsch\u00e4digt f\u00fcr die Strapazen. Au\u00dferdem gibt es entlang des Radweges viele M\u00f6glichkeiten zum Einkehren und St\u00e4rken. &nbsp;Insgesamt ist der Radweg 85 km lang und verl\u00e4uft meistens entlang der Bahnstrecke. Damit ist sichergestellt, dass bei Ersch\u00f6pfung oder schlechtem Wetter jederzeit der Zug genommen werden kann.<\/span><\/p>\n<hr>\n<h3><span style=\"font-family: arial,helvetica,sans-serif;\">Kraut- und R\u00fcben Radweg<\/span><\/h3>\n<p><span style=\"font-family: arial,helvetica,sans-serif;\">Dieser Radweg sollte&nbsp;w\u00e4hrend der Erntezeit gefahren werden, denn dann ist hier in jedem Ort etwas los und man kann \u00fcberall naschen. \u00c4pfel und Weintrauben, aber auch&nbsp;Feldfr\u00fcchte sind reif. (z. B. Zwiebeln, Kartoffeln usw.)&nbsp;&nbsp;Die Tour ist nicht ganz einfach und hat schon einige h\u00fcgelige Stellen, besonders am Anfang. Viele H\u00f6fe entlang der Strecke laden zum Verweilen ein. Die Strecke f\u00fchrt 139 km durch die Pfalz. Es gibt sehr gutes gratis Kartenmaterial auf der Website. Die Ausschilderung ist recht gut.<\/span><\/p>\n<hr>\n<h3><span style=\"font-family: arial,helvetica,sans-serif;\">Edersee Radweg<\/span><\/h3>\n<p><span style=\"font-family: arial,helvetica,sans-serif;\">Den Edersee Radweg sollte man nicht untersch\u00e4tzen, denn die Steigungen sind teilweise sehr anspruchsvoll. Der See&nbsp;befindet sich im Mittelgebirge und das sollte man nicht vergessen.&nbsp;Der Radweg ist leider nicht \u00fcberall sehr gut ausgebaut. Die Natur rund um den See ist aber absolut fantastisch und sehenswert. Wir haben den&nbsp;See gegen den Uhrzeigersinn erobert und zus\u00e4tzlich noch ein St\u00fcck vom Ederradweg (bis Fritzlar). <a title=\"Der Ederseeradweg\" href=\"https:\/\/www.freizeittourer.de\/?page_id=2162\" target=\"_blank\" rel=\"noopener noreferrer\">mehr&#8230;.<\/a><\/span><\/p>\n<hr>\n","protected":false},"excerpt":{"rendered":"<p>&nbsp;&nbsp; &nbsp;&nbsp;&nbsp;&nbsp;&nbsp;&nbsp;&nbsp;&nbsp;&nbsp;&nbsp;&nbsp;&nbsp;&nbsp;&nbsp; &nbsp;&nbsp;&nbsp; &nbsp; &nbsp; &nbsp;&nbsp;&nbsp;&nbsp;&nbsp; &nbsp; &nbsp; &nbsp;&nbsp;&nbsp; &nbsp; Ich kann mich t\u00e4uschen, aber es scheint so zu sein, dass wir im Norden Deutschlands oder an Fl\u00fcssen die besten Bedingungen f\u00fcr unser schwei\u00dftreibendes Hobby finden. So ist es auch &hellip; <a href=\"https:\/\/www.freizeittourer.de\/?page_id=24\">Weiterlesen <span class=\"meta-nav\">&rarr;<\/span><\/a><\/p>\n","protected":false},"author":2,"featured_media":0,"parent":0,"menu_order":2,"comment_status":"open","ping_status":"closed","template":"","meta":{"footnotes":""},"class_list":["post-24","page","type-page","status-publish","hentry"],"_links":{"self":[{"href":"https:\/\/www.freizeittourer.de\/index.php?rest_route=\/wp\/v2\/pages\/24","targetHints":{"allow":["GET"]}}],"collection":[{"href":"https:\/\/www.freizeittourer.de\/index.php?rest_route=\/wp\/v2\/pages"}],"about":[{"href":"https:\/\/www.freizeittourer.de\/index.php?rest_route=\/wp\/v2\/types\/page"}],"author":[{"embeddable":true,"href":"https:\/\/www.freizeittourer.de\/index.php?rest_route=\/wp\/v2\/users\/2"}],"replies":[{"embeddable":true,"href":"https:\/\/www.freizeittourer.de\/index.php?rest_route=%2Fwp%2Fv2%2Fcomments&post=24"}],"version-history":[{"count":233,"href":"https:\/\/www.freizeittourer.de\/index.php?rest_route=\/wp\/v2\/pages\/24\/revisions"}],"predecessor-version":[{"id":3775,"href":"https:\/\/www.freizeittourer.de\/index.php?rest_route=\/wp\/v2\/pages\/24\/revisions\/3775"}],"wp:attachment":[{"href":"https:\/\/www.freizeittourer.de\/index.php?rest_route=%2Fwp%2Fv2%2Fmedia&parent=24"}],"curies":[{"name":"wp","href":"https:\/\/api.w.org\/{rel}","templated":true}]}}