{"id":198,"date":"2011-07-25T11:37:28","date_gmt":"2011-07-25T09:37:28","guid":{"rendered":"http:\/\/www.freizeittourer.de\/?page_id=198"},"modified":"2017-02-06T20:42:48","modified_gmt":"2017-02-06T18:42:48","slug":"das-nervt","status":"publish","type":"page","link":"https:\/\/www.freizeittourer.de\/?page_id=198","title":{"rendered":"Das geht mal gar nicht"},"content":{"rendered":"<h1><img loading=\"lazy\" decoding=\"async\" width=\"300\" height=\"225\" title=\"Wo geht's denn nun nach Gelnhausen?\" class=\"size-medium wp-image-3317 alignleft\" style=\"margin-top: 5px; margin-right: 10px; margin-bottom: 10px;\" alt=\"\" src=\"https:\/\/www.freizeittourer.de\/wp-content\/uploads\/2017\/02\/RSCN2041-300x225.jpg\"><\/h1>\n<h1><span style=\"font-family: arial,helvetica,sans-serif;\"><span style=\"font-size: xx-large;\">Wo lang?<\/span><\/span><\/h1>\n<p><span style=\"font-family: arial,helvetica,sans-serif;\">Durch unsere vielen Touren sind wir ja Einiges gewohnt, was Ausschilderung angeht. Mal fehlen die Schilder ganz, mal sind sie hinter B\u00fcschen oder B\u00e4umen versteckt oder zeigen&nbsp;eindeutig in die falsche Richtung. Aber diese Schilder haben uns sehr gewundert. Rechts und links liegt in 20 km Entfernung&nbsp;die Stadt Gelnhausen.&nbsp;Wie geht das? Wir haben einige Minuten mit offenem Mund davor gestanden und dann doch lieber unser Karte und dem GPS vertraut, denn solche Schilder sind nicht hilfreich. Leben hier die Schildb\u00fcrger?<\/span><\/p>\n<p>&nbsp;<\/p>\n<hr>\n<h1><span style=\"font-family: arial,helvetica,sans-serif;\"><span style=\"font-size: xx-large;\"><img loading=\"lazy\" decoding=\"async\" width=\"300\" height=\"225\" title=\"Die Idioten sterben nicht aus\" class=\"size-medium wp-image-3319 alignleft\" style=\"margin-top: 5px; margin-right: 10px; margin-bottom: 10px;\" alt=\"\" src=\"https:\/\/www.freizeittourer.de\/wp-content\/uploads\/2017\/02\/115-300x225.jpg\">Mu\u00df das sein??<\/span><\/span><\/h1>\n<p><span style=\"font-family: arial,helvetica,sans-serif;\">Solche Stilleben&nbsp;finden wir&nbsp;immer h\u00e4ufiger. Hier steht&nbsp;der Papierkorb&nbsp;direkt daneben und trotzdem &#8230;. So sieht es bei diesen&nbsp;Idioten bestimmt auch zu Hause aus. Hauptsache das Smartphone ist sauber und o.k. Niemand hat etwas gegen&nbsp;Party machen, aber aufr\u00e4umen danach ist ein &#8222;Mu\u00df&#8220;. Den ganzen Tag &#8222;harzen&#8220; und chillen ist vielleicht zu anstrengend. Besonders sauer werde ich, wenn auch noch \u00fcberall Glasscherben&nbsp;liegen. Was&nbsp; haben diese Deppen blo\u00df im Hirn? Wahrscheinlich ist das Oberst\u00fcbchen von den Handy-Strahlen schon weich gekocht. Danke, und die sollen meine Rente verdienen?<\/span><\/p>\n<p>&nbsp;<\/p>\n<hr>\n<h1><span style=\"font-family: arial,helvetica,sans-serif;\"><img loading=\"lazy\" decoding=\"async\" width=\"300\" height=\"225\" title=\"Ein Albtraum im Juni \" class=\"alignleft\" style=\"margin-top: 5px; margin-right: 10px; margin-bottom: 10px;\" alt=\"\" src=\"https:\/\/www.freizeittourer.de\/wp-content\/uploads\/2011\/07\/RSCN0440-300x225.jpg\">Juni 2012<\/span><\/h1>\n<p><span style=\"font-family: arial,helvetica,sans-serif;\">Als wir am letzten Samstag von Aschaffenburg nach Miltenberg immer am Main entlang unterwegs waren, versp\u00fcrten wir nach einigen Kilometern einen fast schon schmerzhaften versteckten Durst. Der n\u00e4chste Biergarten sollte unser sein.&nbsp;Schon von Weiten sahen wir ihn n\u00e4her kommen, aber leider wurden wir bitter entt\u00e4uscht. Er hatte wegen schlechtem Wetter geschlossen &#8211;&nbsp;im Juni. Verdammt noch mal, wenn wir unterwegs sind, kann das Wetter gar nicht so schlecht sein, dass ein Biergarten dicht machen darf.<\/span><\/p>\n<p>&nbsp;<\/p>\n<hr>\n<p><img loading=\"lazy\" decoding=\"async\" width=\"300\" height=\"195\" title=\"Der Sommer 2011\" class=\"alignleft\" style=\"margin-top: 5px; margin-right: 10px; margin-bottom: 10px;\" alt=\"\" src=\"https:\/\/www.freizeittourer.de\/wp-content\/uploads\/2011\/07\/Regenwetter1-300x195.jpg\"><\/p>\n<h1><span style=\"font-family: arial,helvetica,sans-serif;\">Der Sommer 2011<\/span><\/h1>\n<p><span style=\"font-family: arial,helvetica,sans-serif;\">Das kann doch nicht wahr sein. Im April waren wir auf Rekordkurs und im Juli rosten unsere Beine ein. Dieser Sommer ist eine Frechheit. Hier in Hessen sind gerade Ferien, aber die Schwimmb\u00e4der sind leer. Die Bierg\u00e4rten haben die St\u00fchle zusammen gestellt und der Sommer-Schlu\u00dfverkauf hat auch schon fr\u00fcher eingesetzt. Ohne Regenjacke traut man sich ja gar nicht mehr ins Freie. <\/span><span style=\"font-family: arial,helvetica,sans-serif;\">Ist&nbsp;Das macht keinen Spa\u00df.<\/span><\/p>\n","protected":false},"excerpt":{"rendered":"<p>Wo lang? Durch unsere vielen Touren sind wir ja Einiges gewohnt, was Ausschilderung angeht. Mal fehlen die Schilder ganz, mal sind sie hinter B\u00fcschen oder B\u00e4umen versteckt oder zeigen&nbsp;eindeutig in die falsche Richtung. Aber diese Schilder haben uns sehr gewundert. &hellip; <a href=\"https:\/\/www.freizeittourer.de\/?page_id=198\">Weiterlesen <span class=\"meta-nav\">&rarr;<\/span><\/a><\/p>\n","protected":false},"author":2,"featured_media":0,"parent":0,"menu_order":6,"comment_status":"open","ping_status":"closed","template":"","meta":{"footnotes":""},"class_list":["post-198","page","type-page","status-publish","hentry"],"_links":{"self":[{"href":"https:\/\/www.freizeittourer.de\/index.php?rest_route=\/wp\/v2\/pages\/198","targetHints":{"allow":["GET"]}}],"collection":[{"href":"https:\/\/www.freizeittourer.de\/index.php?rest_route=\/wp\/v2\/pages"}],"about":[{"href":"https:\/\/www.freizeittourer.de\/index.php?rest_route=\/wp\/v2\/types\/page"}],"author":[{"embeddable":true,"href":"https:\/\/www.freizeittourer.de\/index.php?rest_route=\/wp\/v2\/users\/2"}],"replies":[{"embeddable":true,"href":"https:\/\/www.freizeittourer.de\/index.php?rest_route=%2Fwp%2Fv2%2Fcomments&post=198"}],"version-history":[{"count":76,"href":"https:\/\/www.freizeittourer.de\/index.php?rest_route=\/wp\/v2\/pages\/198\/revisions"}],"predecessor-version":[{"id":3321,"href":"https:\/\/www.freizeittourer.de\/index.php?rest_route=\/wp\/v2\/pages\/198\/revisions\/3321"}],"wp:attachment":[{"href":"https:\/\/www.freizeittourer.de\/index.php?rest_route=%2Fwp%2Fv2%2Fmedia&parent=198"}],"curies":[{"name":"wp","href":"https:\/\/api.w.org\/{rel}","templated":true}]}}