{"id":120,"date":"2011-07-22T08:51:52","date_gmt":"2011-07-22T06:51:52","guid":{"rendered":"http:\/\/www.freizeittourer.de\/?page_id=120"},"modified":"2026-01-16T11:30:04","modified_gmt":"2026-01-16T09:30:04","slug":"andere-leidenschaften","status":"publish","type":"page","link":"https:\/\/www.freizeittourer.de\/?page_id=120","title":{"rendered":"Andere Leidenschaften"},"content":{"rendered":"<p><span style=\"font-family: arial,helvetica,sans-serif;\">Es gibt neben dem &#8222;Cruisen&#8220; nat\u00fcrlich noch weitere interessante Themen, \u00fcber die es sich lohnt, zu berichten. An erster Stelle steht seit vielen Jahren nat\u00fcrlich der HSV. Der Verein und die Mannschaft haben es 2025 endlich zur\u00fcck in die 1. Liga geschafft.\u00a0<\/span><\/p>\n<hr \/>\n<p><span style=\"font-family: arial,helvetica,sans-serif;\"><img loading=\"lazy\" decoding=\"async\" class=\"alignleft size-thumbnail wp-image-135\" style=\"margin: 5px 10px;\" title=\"Nur der HSV\" src=\"https:\/\/www.freizeittourer.de\/wp-content\/uploads\/2011\/07\/hsv-logo-neu-150x150.jpg\" alt=\"\" width=\"150\" height=\"150\" \/><\/span><span style=\"font-family: arial,helvetica,sans-serif; font-size: xx-large;\">HSV &#8211; Das wurde aber auch Zeit &#8230;..!<\/span><\/p>\n<p><span style=\"font-family: arial,helvetica,sans-serif;\">Im 7. Jahr in der 2. Liga hat es 2025 endlich geklappt. Merlin wird f\u00fcr immer eine Legende bleiben, denn das hatte ihm keiner zugetraut. So viele namhafte Trainer sind in den letzten 7 Jahren am Aufstieg gescheitert. Diese Saison hei\u00dft das Ziel Klassenerhalt und sonst nichts. Wir brauchen 3 Mannschaften, die hinter uns bleiben. Ich dr\u00fccke die Daumen. Mein Uwe Seeler- T-Shirt ist endlich zum Einsatz gekommen und jetzt habe ich sogar noch das Aufstiegs-T-Shirt!!!\u00a0 Nur der HSV.<\/span><\/p>\n<p>&nbsp;<\/p>\n<hr \/>\n<p><span style=\"font-family: arial,helvetica,sans-serif;\"><span style=\"font-size: xx-large;\"><span style=\"font-family: arial,helvetica,sans-serif;\"><img loading=\"lazy\" decoding=\"async\" class=\"size-thumbnail wp-image-3336 alignleft\" style=\"margin: 5px 10px;\" title=\"Wo ist der kleine L\u00fcmmel?\" src=\"https:\/\/www.freizeittourer.de\/wp-content\/uploads\/2017\/02\/DSCN0903-150x150.jpg\" alt=\"\" width=\"150\" height=\"150\" \/><\/span>Geocaching<\/span><\/span><\/p>\n<p><span style=\"font-family: arial,helvetica,sans-serif;\">Seit fast f\u00fcnf Jahren bestimmt eine neue Leidenschaft unsere Freizeit. Fast t\u00e4glich sind wir unterwegs, um die begehrten Sch\u00e4tze zu finden. Geocaching kann, besonders bei erfolgreichem Suchen und Finden,\u00a0leicht s\u00fcchtig machen.\u00a0Es ersetzt aber nicht unsere Liebe zum Radfahren, sondern bereichert sie.\u00a0Bestens vertraute Wege bekommen durch das Cachen einen neuen Reiz und werden wieder interessant.\u00a0Nat\u00fcrlich entdecken\u00a0wir auch\u00a0st\u00e4ndig\u00a0neue Ecken,\u00a0in denen wir uns normalerweise nicht rumtreiben.<\/span><\/p>\n<p>&nbsp;<\/p>\n<hr \/>\n<p><span style=\"font-family: arial,helvetica,sans-serif;\"><span style=\"font-size: xx-large;\"><span style=\"font-family: arial,helvetica,sans-serif;\"><img loading=\"lazy\" decoding=\"async\" class=\"size-thumbnail wp-image-138 alignleft\" style=\"margin: 5px 10px;\" title=\"Hier lag das Holz \" src=\"https:\/\/www.freizeittourer.de\/wp-content\/uploads\/2011\/07\/IMG_0202-150x150.jpg\" alt=\" \" width=\"150\" height=\"150\" \/><\/span>Brennholz<\/span><\/span><\/p>\n<p><span style=\"font-family: arial,helvetica,sans-serif;\">Das Thema Brennholz ist immer noch wichtig und besonders teuer. Wir lassen jetzt fertige 25cm-St\u00fccke liefern, obwohl es mir gelungen ist, die Wipp-S\u00e4ge wieder zum Laufen zu bringen. Es ist schon praktisch so, aber auch deutlich teurer. Au\u00dferdem hat sich unser bisheriger &#8222;Holz-Michel&#8220; in die Rente verabschiedet und sein Sohn liefert nicht die gleiche Qualit\u00e4t und Menge. Jetzt kaufen wir Biogas-getrocknetes Holz aus Dorndiel.<br \/>\n<\/span><\/p>\n<p>&nbsp;<\/p>\n<hr \/>\n<p><span style=\"font-family: arial,helvetica,sans-serif;\"><img loading=\"lazy\" decoding=\"async\" class=\"alignleft size-thumbnail \" style=\"margin: 2px 10px;\" title=\"MP3s gehen immer\" src=\"https:\/\/www.freizeittourer.de\/wp-content\/uploads\/2011\/07\/Grafik_Mp3-150x150.jpg\" alt=\"\" width=\"150\" height=\"150\" \/><span style=\"font-size: xx-large;\">H\u00f6rb\u00fccher &amp; Musik<\/span><\/span><\/p>\n<p><span style=\"font-family: arial,helvetica,sans-serif;\">Meine Angetraute\u00a0steht mehr auf spannende H\u00f6rb\u00fccher, w\u00e4hrend ich\u00a0ohne Musik nicht auskomme. Nat\u00fcrlich gef\u00e4llt mir auch nicht alles, was z. Zt. auf dem Markt oder in den aktuellen Hit-Listen vertreten ist. Eine Melodie sollte schon erkennbar sein.\u00a0Altersgem\u00e4\u00df gefallen mir die Gruppen oder K\u00fcnstler besonders, die schon in meiner &#8222;Sturm- und Drangzeit&#8220; \u00a0bekannt waren. Stones, Joe Cocker o.\u00e4., aber auch Peter Maffay wird immer gern genommen.\u00a0Das Tabaluga-Konzert in Frankfurt war toll.<\/span><\/p>\n<p>&nbsp;<\/p>\n<hr \/>\n","protected":false},"excerpt":{"rendered":"<p>Es gibt neben dem &#8222;Cruisen&#8220; nat\u00fcrlich noch weitere interessante Themen, \u00fcber die es sich lohnt, zu berichten. An erster Stelle steht seit vielen Jahren nat\u00fcrlich der HSV. Der Verein und die Mannschaft haben es 2025 endlich zur\u00fcck in die 1. &hellip; <a href=\"https:\/\/www.freizeittourer.de\/?page_id=120\">Weiterlesen <span class=\"meta-nav\">&rarr;<\/span><\/a><\/p>\n","protected":false},"author":2,"featured_media":0,"parent":0,"menu_order":5,"comment_status":"open","ping_status":"closed","template":"","meta":{"footnotes":""},"class_list":["post-120","page","type-page","status-publish","hentry"],"_links":{"self":[{"href":"https:\/\/www.freizeittourer.de\/index.php?rest_route=\/wp\/v2\/pages\/120","targetHints":{"allow":["GET"]}}],"collection":[{"href":"https:\/\/www.freizeittourer.de\/index.php?rest_route=\/wp\/v2\/pages"}],"about":[{"href":"https:\/\/www.freizeittourer.de\/index.php?rest_route=\/wp\/v2\/types\/page"}],"author":[{"embeddable":true,"href":"https:\/\/www.freizeittourer.de\/index.php?rest_route=\/wp\/v2\/users\/2"}],"replies":[{"embeddable":true,"href":"https:\/\/www.freizeittourer.de\/index.php?rest_route=%2Fwp%2Fv2%2Fcomments&post=120"}],"version-history":[{"count":136,"href":"https:\/\/www.freizeittourer.de\/index.php?rest_route=\/wp\/v2\/pages\/120\/revisions"}],"predecessor-version":[{"id":3943,"href":"https:\/\/www.freizeittourer.de\/index.php?rest_route=\/wp\/v2\/pages\/120\/revisions\/3943"}],"wp:attachment":[{"href":"https:\/\/www.freizeittourer.de\/index.php?rest_route=%2Fwp%2Fv2%2Fmedia&parent=120"}],"curies":[{"name":"wp","href":"https:\/\/api.w.org\/{rel}","templated":true}]}}